{"id":1970,"date":"2026-03-30T00:56:24","date_gmt":"2026-03-29T22:56:24","guid":{"rendered":"https:\/\/www.jmatesanz.com\/?page_id=1970"},"modified":"2026-03-31T18:33:47","modified_gmt":"2026-03-31T16:33:47","slug":"colaboraciones","status":"publish","type":"page","link":"https:\/\/www.jmatesanz.com\/index.php\/colaboraciones\/","title":{"rendered":"Colaboraciones"},"content":{"rendered":"\n<ul class=\"wp-block-list\">\n<li><strong>MoviDeep 12: \u00bfMejor o peor plantilla que otros WT? (con Jorge Matesanz)<\/strong><\/li>\n<\/ul>\n\n\n\n<p>Programa n\u00famero doce de\u00a0MoviDeep, el programa que cada lunes acerca la actualidad del Team Movistar, esta vez tratando la Volta Catalunya y la situaci\u00f3n del equipo tras las actuaciones de Cian Uijtdebroeks y Enric Mas. Previa de Flandes y debate comparativo entre plantilla de Movistar y el resto del <a href=\"https:\/\/www.jmatesanz.com\/index.php\/2026\/01\/01\/equipos-y-ciclistas-world-tour-2026\/\" target=\"_blank\" rel=\"noopener\" title=\"\">World Tour<\/a>.<\/p>\n\n\n<p><iframe src=\"https:\/\/www.ivoox.com\/player_ej_171088708_6_1.html?c1=eeb156\" width=\"100%\" height=\"200\" frameborder=\"0\" allowfullscreen=\"\" scrolling=\"no\" loading=\"lazy\"><\/iframe><\/p>\n\n\n<ul class=\"wp-block-list\">\n<li><strong>&#8216;El Rut\u00f3metro&#8217;, de Fernando Gilet (EsRadio)<\/strong><\/li>\n<\/ul>\n\n\n\n<p>Colaboraci\u00f3n con EsRadio para hablar de cl\u00e1sicas, del <a href=\"https:\/\/www.jmatesanz.com\/index.php\/2026\/03\/25\/el-viaje-ciclista-de-las-piedras-a-las-ardenas\/\" target=\"_blank\" rel=\"noopener\" title=\"\">viaje entre las piedras y las Ardenas<\/a>. Corredores que han peleado en las dos en una misma temporada.<\/p>\n\n\n<p><iframe data-testid=\"embed-iframe\" style=\"border-radius:12px\" src=\"https:\/\/open.spotify.com\/embed\/episode\/2mIaKsz8wWgd24GG0UYXpe?utm_source=generator&#038;t=2220\" width=\"100%\" height=\"352\" frameBorder=\"0\" allowfullscreen=\"\" allow=\"autoplay; clipboard-write; encrypted-media; fullscreen; picture-in-picture\" loading=\"lazy\"><\/iframe><\/p>\n\n\n<ul class=\"wp-block-list\">\n<li><strong>MoviDeep 7: El techo de Iv\u00e1n Romeo (con Jorge Matesanz)<\/strong><\/li>\n<\/ul>\n\n\n\n<p>Programa n\u00famero siete de&nbsp;MoviDeep, el programa que cada lunes acerca la actualidad del Team Movistar, esta vez con la victoria en Vuelta Andaluc\u00eda de&nbsp;<a href=\"https:\/\/www.jmatesanz.com\/index.php\/2025\/03\/03\/sobre-la-histeria-alrededor-de-ivan-romeo\/\" target=\"_blank\" rel=\"noreferrer noopener\">Iv\u00e1n Romeo<\/a>&nbsp;como epicentro del debate. \u00bfD\u00f3nde estar\u00e1 su techo?<\/p>\n\n\n<p><iframe data-testid=\"embed-iframe\" style=\"border-radius:12px\" src=\"https:\/\/open.spotify.com\/embed\/episode\/4qjjixXsYDuhEkNRBntK7b?utm_source=generator\" width=\"100%\" height=\"352\" frameBorder=\"0\" allowfullscreen=\"\" allow=\"autoplay; clipboard-write; encrypted-media; fullscreen; picture-in-picture\" loading=\"lazy\"><\/iframe><\/p>\n\n\n<ul class=\"wp-block-list\">\n<li><strong>Pedal Vintage con Dori Ruano y Jorge Matesanz<\/strong><\/li>\n<\/ul>\n\n\n<p><a title=\"\" href=\"https:\/\/www.ivoox.com\/pedal-vintage-episodio-267-dori-ruano-la-audios-mp3_rf_168368290_1.html#comments\" target=\"_blank\" rel=\"noopener\">Episodio 267<\/a> de Pedal Vintage con entrevista de Miguel Gonz\u00e1lez a Dori Ruano y Jorge Matesanz con motivo del libro <a title=\"\" href=\"https:\/\/www.jmatesanz.com\/index.php\/2025\/11\/13\/dori-ruano-la-vida-como-deporte-de-fondo\/\" target=\"_blank\" rel=\"noopener\">&#8216;La vida como deporte de fondo&#8217;<\/a> sobre la ciclista salmantina.<\/p>\n<p><!-- \/wp:post-content --><\/p>\n<p><iframe src=\"https:\/\/www.ivoox.com\/player_ej_168368290_6_1.html?c1=cf8b22\" width=\"100%\" height=\"200\" frameborder=\"0\" scrolling=\"no\" allowfullscreen=\"allowfullscreen\"><\/iframe><\/p>\n<ul>\n<li><strong style=\"color: initial;\"><a title=\"\" href=\"https:\/\/www.ciclo21.com\/vuelta-espana-2026-analisis-recorrido\/\" target=\"_blank\" rel=\"noopener\">La Vuelta 26: Punto de uni\u00f3n entre Morientes, Bartolo, Clinton y Armstrong (Neil) (Ciclo21)<\/a><\/strong><\/li>\n<\/ul>\n<p><!-- \/wp:list-item --><\/p>\n<p><!-- \/wp:list --><\/p>\n<p><!-- wp:paragraph --><\/p>\n<p>Analizo para\u00a0Ciclo21\u00a0el recorrido y algunos elementos de la\u00a0Vuelta a Espa\u00f1a 2026, presentado en M\u00f3naco y que tendr\u00e1 Granada como punto final.<\/p>\n<ul>\n<li><a href=\"https:\/\/lepuncheur.com\/2025\/11\/26\/vingegaard-y-el-giro-de-italia-en-el-triangulo-de-las-vismudas\/\" target=\"_blank\" rel=\"noopener\"><strong>Vingegaard y el Giro de Italia en el tri\u00e1ngulo de las \u00abVismudas\u00bb (Le Puncheur)<\/strong><\/a><\/li>\n<\/ul>\n<p><!-- \/wp:list-item --><\/p>\n<p><!-- \/wp:list --><\/p>\n<p><!-- wp:paragraph --><\/p>\n<p>Art\u00edculo para la web Le Puncheur sobre Jonas Vingegaard y el debut del dan\u00e9s en el Giro de Italia, lo que ha provocado movimientos s\u00edsmicos en su equipo.<\/p>\n<p><!-- \/wp:paragraph --><\/p>\n<p><!-- wp:list --><\/p>\n<ul class=\"wp-block-list\">\n<li style=\"list-style-type: none;\">\n<ul class=\"wp-block-list\"><!-- wp:list-item --><\/p>\n<li><strong><a title=\"\" href=\"https:\/\/elfarolillorojo.com\/noticias-ciclismo\/actualidad-ciclismo\/enric-mas-y-movistar-de-2026-rutina-inevitable\/\" target=\"_blank\" rel=\"noopener\">Enric Mas y Movistar de 2026, una rutina inevitable<\/a> (El Farolillo Rojo)<\/strong><\/li>\n<\/ul>\n<\/li>\n<\/ul>\n<p><!-- \/wp:list-item --><\/p>\n<p><!-- \/wp:list --><\/p>\n<p><!-- wp:paragraph --><\/p>\n<p>Enric Mas y\u00a0Movistar\u00a0piensan en el calendario para 2026 y dudan entre el inmovilismo y el cambio, entre el Tour y el Giro como camino previo a la Vuelta, en principio fija en el programa del balear de cara a la pr\u00f3xima temporada.<\/p>\n<p><!-- \/wp:paragraph --><\/p>\n<p><!-- wp:list --><\/p>\n<ul class=\"wp-block-list\">\n<li style=\"list-style-type: none;\">\n<ul class=\"wp-block-list\"><!-- wp:list-item --><\/p>\n<li><a title=\"\" href=\"https:\/\/www.jmatesanz.com\/index.php\/2025\/10\/31\/lipowitz-evenepoel-un-tour-2026-repleto-de-quimeras\/\" target=\"_blank\" rel=\"noopener\"><strong>Lipowitz + Evenepoel = un Tour 2026 repleto de q<\/strong><\/a><strong><a title=\"\" href=\"https:\/\/www.jmatesanz.com\/index.php\/2025\/10\/31\/lipowitz-evenepoel-un-tour-2026-repleto-de-quimeras\/\" target=\"_blank\" rel=\"noopener\">uimeras<\/a> (Ciclo 21)<\/strong><\/li>\n<\/ul>\n<\/li>\n<\/ul>\n<p><!-- \/wp:list-item --><\/p>\n<p><!-- \/wp:list --><\/p>\n<p><!-- wp:paragraph --><\/p>\n<p>El fichaje de\u00a0Remco Evenepoel\u00a0por Red Bull revoluciona el mercado. La convivencia del astro belga con la nueva perla del ciclismo alem\u00e1n, Lipowitz, de cara al\u00a0Tour de Francia\u00a02026 ser\u00e1 uno de los grandes atractivos de la temporada.<\/p>\n<p><!-- \/wp:paragraph --><\/p>\n<p><!-- wp:list --><\/p>\n<ul class=\"wp-block-list\">\n<li style=\"list-style-type: none;\">\n<ul class=\"wp-block-list\"><!-- wp:list-item --><\/p>\n<li><strong><a title=\"\" href=\"https:\/\/www.esradiobaleares.com\/programas\/el-rutometro\/\" target=\"_blank\" rel=\"noopener\">Opini\u00f3n sobre el recorrido del Tour de Francia 2026 (EsRadio)<\/a><\/strong><\/li>\n<\/ul>\n<\/li>\n<\/ul>\n<p><!-- \/wp:list-item --><\/p>\n<p><!-- \/wp:list --><\/p>\n<p><!-- wp:paragraph --><\/p>\n<p>La presentaci\u00f3n del recorrido del\u00a0Tour de Francia\u00a02026 es el motivo de la invitaci\u00f3n de Fernando Gilet a compartir unos minutos de \u2018El Rut\u00f3metro\u2019 para valorar los puntos claves de una ruta donde destaca la doble etapa con llegada en Alpe d\u2019Huez.<\/p>\n<p><!-- \/wp:paragraph --><\/p>\n<p><!-- wp:list --><\/p>\n<ul class=\"wp-block-list\">\n<li style=\"list-style-type: none;\">\n<ul class=\"wp-block-list\"><!-- wp:list-item --><\/p>\n<li><strong><a title=\"\" href=\"https:\/\/www.ciclo21.com\/grave-error-concepto-grandes-vueltas-2025\/\" target=\"_blank\" rel=\"noopener\">El grave error de concepto de las grandes vueltas (Ciclo21)<\/a><\/strong><\/li>\n<\/ul>\n<\/li>\n<\/ul>\n<p><!-- \/wp:list-item --><\/p>\n<p><!-- \/wp:list --><\/p>\n<p><!-- wp:paragraph --><\/p>\n<p>\u00bfQu\u00e9 evoluci\u00f3n est\u00e1n siguiendo\u00a0Giro,\u00a0Tour\u00a0y\u00a0Vuelta? Las Grandes Vueltas pasan por el div\u00e1n. Se analizan los puntos comunes de las propuestas que las tres vueltas de tres semanas regalan cada temporada, transformando de forma progresiva lo que anta\u00f1o significaban para el aficionado y para el ciclista.<\/p>\n<p><!-- \/wp:paragraph --><\/p>\n<p><!-- wp:list --><\/p>\n<ul class=\"wp-block-list\">\n<li style=\"list-style-type: none;\">\n<ul class=\"wp-block-list\"><!-- wp:list-item --><\/p>\n<li><strong><a title=\"\" href=\"https:\/\/www.ivoox.com\/pedal-vintage-episodio-251-alpe-d-huez-2011-audios-mp3_rf_161257219_1.html#comments\" target=\"_blank\" rel=\"noopener\">Pedal Vintage \u2013 Episodio 251: Alpe d\u2019Huez 2011<\/a><\/strong><\/li>\n<\/ul>\n<\/li>\n<\/ul>\n<p><!-- \/wp:list-item --><\/p>\n<p><!-- \/wp:list --><\/p>\n<p><!-- wp:paragraph --><\/p>\n<p>Participaci\u00f3n junto a Miguel Gonz\u00e1lez en el programa Pedal Vintage. Hablamos sobre el\u00a0Tour de Francia\u00a02011 y la recordada etapa de Alpe d\u2019Huez.<\/p>\n<p><!-- \/wp:paragraph --><\/p>\n<p><!-- wp:list --><\/p>\n<ul class=\"wp-block-list\">\n<li style=\"list-style-type: none;\">\n<ul class=\"wp-block-list\"><!-- wp:list-item --><\/p>\n<li><strong><a title=\"\" href=\"https:\/\/www.ciclo21.com\/tadej-pogacar-el-mayorista-del-arcoiris-de-28-barras\/\" target=\"_blank\" rel=\"noopener\">Tadej Pogacar: el mayorista del arco\u00edris de 28 barras<\/a><\/strong> (Ciclo21)<\/li>\n<\/ul>\n<\/li>\n<\/ul>\n<p><!-- \/wp:list-item --><\/p>\n<p><!-- \/wp:list --><\/p>\n<p><!-- wp:paragraph --><\/p>\n<p>El plan del ciclista esloveno es convertirse en el primer ciclista en conquistar cuatro Campeonatos del Mundo en carretera.\u00a0<a href=\"https:\/\/www.jmatesanz.com\/?s=tadej+pogacar\" target=\"_blank\" rel=\"noreferrer noopener\">Tadej Pogacar<\/a>\u00a0superar\u00eda as\u00ed a\u00a0<a href=\"https:\/\/www.jmatesanz.com\/?s=merckx\" target=\"_blank\" rel=\"noreferrer noopener\">Merckx<\/a>, Van Steenbergen, Binda, Freire y Sagan, por lo que las pr\u00f3ximas temporadas del ciclista de UAE girar\u00e1n en torno a la consecuci\u00f3n del maillot arco\u00edris.<\/p>\n<p><!-- \/wp:paragraph --><\/p>\n<p><!-- wp:list --><\/p>\n<ul class=\"wp-block-list\">\n<li style=\"list-style-type: none;\">\n<ul class=\"wp-block-list\"><!-- wp:list-item --><\/p>\n<li><strong>Previa Vuelta Espa\u00f1a 2025 en \u2018Hablamos de Ciclismo\u2019<\/strong><\/li>\n<\/ul>\n<\/li>\n<\/ul>\n<p><!-- \/wp:list-item --><\/p>\n<p><!-- \/wp:list --><\/p>\n<p>Con Adolfo Carrizo y Alfredo La Gattina, el programa de YouTube <a title=\"\" href=\"https:\/\/www.youtube.com\/@HablamosdeCiclismo\/streams\" target=\"_blank\" rel=\"noopener\">&#8216;Hablamos de Ciclismo&#8217;<\/a> en su episodio 196 trata sobre la inminente Vuelta Espa\u00f1a 2025. Analizamos favoritos, recorrido, puntos calientes de la carrera y predicciones.<\/p>\n<p><!-- \/wp:paragraph --><\/p>\n<p><iframe title=\"YouTube video player\" src=\"https:\/\/www.youtube.com\/embed\/7O4IxJ-r8DA?si=ujPhR_Wo09TzV4on\" width=\"560\" height=\"315\" frameborder=\"0\" allowfullscreen=\"allowfullscreen\"><\/iframe><\/p>\n<p><!-- wp:list --><\/p>\n<ul class=\"wp-block-list\">\n<li style=\"list-style-type: none;\">\n<ul class=\"wp-block-list\"><!-- wp:list-item --><\/p>\n<li><strong><a title=\"\" href=\"https:\/\/www.ciclo21.com\/efecto-roglic-lipowitz-tour-francia-2025\/\" target=\"_blank\" rel=\"noopener\">\u00abEl efecto Roglic\u00bb: Cuando el gregario supera al l\u00edder (Ciclo21)<\/a><\/strong><\/li>\n<\/ul>\n<\/li>\n<\/ul>\n<p><!-- \/wp:list-item --><\/p>\n<p><!-- \/wp:list --><\/p>\n<p><!-- wp:paragraph --><\/p>\n<p>Primoz Roglic\u00a0ha vivido multitud de desencuentros con sus principales gregarios. Ciclistas que han aprovechado la entidad del ciclista esloveno para desarrollar su propia vida en las grandes carreras y obteniendo en ocasiones mejor resultado que el propio l\u00edder del equipo.<\/p>\n<p><!-- \/wp:paragraph --><\/p>\n<p><!-- wp:list --><\/p>\n<ul class=\"wp-block-list\">\n<li style=\"list-style-type: none;\">\n<ul class=\"wp-block-list\"><!-- wp:list-item --><\/p>\n<li><strong><a title=\"\" href=\"https:\/\/www.ciclo21.com\/el-afrancesamiento-del-ciclismo-espanol\/\" target=\"_blank\" rel=\"noopener\">El afrancesamiento del ciclismo espa\u00f1ol (Ciclo21)<\/a><\/strong><\/li>\n<\/ul>\n<\/li>\n<\/ul>\n<p><!-- \/wp:list-item --><\/p>\n<p><!-- \/wp:list --><\/p>\n<p><!-- wp:paragraph --><\/p>\n<p>Repaso del momento vital del\u00a0ciclismo espa\u00f1ol\u00a0para\u00a0Ciclo21, compar\u00e1ndolo en evoluci\u00f3n con el ciclismo franc\u00e9s, con el que vive algunos paralelismos.<\/p>\n<p><!-- \/wp:paragraph --><\/p>\n<p><!-- wp:list --><\/p>\n<ul class=\"wp-block-list\">\n<li style=\"list-style-type: none;\">\n<ul class=\"wp-block-list\"><!-- wp:list-item --><\/p>\n<li><strong><a title=\"\" href=\"https:\/\/open.spotify.com\/episode\/0f2wrollMb4lQLf2HVcoYl\" target=\"_blank\" rel=\"noopener\">Opini\u00f3n sobre primeras etapas del Tour de Francia 2025 (RadioMarca)<\/a><\/strong><\/li>\n<\/ul>\n<\/li>\n<\/ul>\n<p><!-- \/wp:list-item --><\/p>\n<p><!-- \/wp:list --><\/p>\n<p><!-- wp:paragraph --><\/p>\n<p>La invitaci\u00f3n de Fernando Gilet a su \u2018Rut\u00f3metro\u2019 de\u00a0Radio Marca\u00a0es esta vez para hablar sobre las primeras etapas del\u00a0Tour de Francia\u00a02025, donde Van der Poel y Pogacar son los ciclistas m\u00e1s destacados.<\/p>\n<p><!-- \/wp:paragraph --><\/p>\n<p><!-- wp:list --><\/p>\n<ul class=\"wp-block-list\">\n<li style=\"list-style-type: none;\">\n<ul class=\"wp-block-list\"><!-- wp:list-item --><\/p>\n<li><strong><a title=\"\" href=\"https:\/\/www.ciclo21.com\/giro-o-vuelta-2025-la-margarita-de-tadej-pogacar\/\" target=\"_blank\" rel=\"noopener\">Giro o Vuelta: La margarita de Tadej Pogacar (Ciclo21)<\/a><\/strong><\/li>\n<\/ul>\n<\/li>\n<\/ul>\n<p><!-- \/wp:list-item --><\/p>\n<p><!-- \/wp:list --><\/p>\n<p><!-- wp:paragraph --><\/p>\n<p>Las dudas sobre el programa de\u00a0Tadej Pogacar\u00a0da qu\u00e9 hablar. La segunda grande que el ciclista de UAE elija ser\u00e1 clave a la hora de conformar el calendario del considerado como mejor ciclista del mundo.<\/p>\n<p><!-- \/wp:paragraph --><\/p>\n<p><!-- wp:list --><\/p>\n<ul class=\"wp-block-list\">\n<li style=\"list-style-type: none;\">\n<ul class=\"wp-block-list\"><!-- wp:list-item --><\/p>\n<li><strong><a title=\"\" href=\"https:\/\/lepuncheur.com\/2024\/12\/11\/ineos-quien-te-ha-visto-y-quien-te-ve\/\" target=\"_blank\" rel=\"noopener\">INEOS: qui\u00e9n te ha visto y qui\u00e9n te ve (LePuncheur)<\/a><\/strong><\/li>\n<\/ul>\n<\/li>\n<\/ul>\n<p><!-- \/wp:list-item --><\/p>\n<p><!-- \/wp:list --><\/p>\n<p><!-- wp:paragraph --><\/p>\n<p>El rendimiento del conjunto\u00a0INEOS\u00a0se ha visto afectado por el paso de los a\u00f1os. De una \u00e9poca repleta de grandes \u00e9xitos a otra m\u00e1s an\u00f3nima y discreta. \u00bfPor qu\u00e9?<\/p>\n<p><!-- \/wp:paragraph --><\/p>\n<p><!-- wp:list --><\/p>\n<ul class=\"wp-block-list\">\n<li style=\"list-style-type: none;\">\n<ul class=\"wp-block-list\"><!-- wp:list-item --><\/p>\n<li><strong>An\u00e1lisis a posteriori de la Vuelta Espa\u00f1a 2024 (Hablemos de Ciclismo)<\/strong><\/li>\n<\/ul>\n<\/li>\n<\/ul>\n<p><!-- \/wp:list-item --><\/p>\n<p><!-- \/wp:list --><\/p>\n<p><!-- wp:paragraph --><\/p>\n<p>En &#8216;Hablamos de Ciclismo&#8217;, con Adolfo Carrizo, se analiza c\u00f3mo se ha desarrollado la Vuelta Espa\u00f1a 2024, con victoria para Primoz Roglic.<\/p>\n<p><!-- \/wp:paragraph --><\/p>\n<p><iframe title=\"YouTube video player\" src=\"https:\/\/www.youtube.com\/embed\/Cqg5-lP_ezc?si=atsDqqHl7y5OQISD\" width=\"560\" height=\"315\" frameborder=\"0\" allowfullscreen=\"allowfullscreen\"><\/iframe><\/p>\n<p><!-- wp:list --><\/p>\n<ul class=\"wp-block-list\">\n<li style=\"list-style-type: none;\">\n<ul class=\"wp-block-list\"><!-- wp:list-item --><\/p>\n<li><strong><a title=\"\" href=\"https:\/\/lepuncheur.com\/2024\/07\/23\/las-aristas-del-tour-de-francia-2024\/\" target=\"_blank\" rel=\"noopener\">Las aristas del Tour de Francia 2024 (LePuncheur)<\/a><\/strong><\/li>\n<\/ul>\n<\/li>\n<\/ul>\n<p><!-- \/wp:list-item --><\/p>\n<p><!-- \/wp:list --><\/p>\n<p><!-- wp:paragraph --><\/p>\n<p>An\u00e1lisis en profundidad del desarrollo del Tour de Francia 2024.<\/p>\n<p><!-- \/wp:paragraph --><\/p>\n<p><!-- wp:list --><\/p>\n<ul class=\"wp-block-list\">\n<li style=\"list-style-type: none;\">\n<ul class=\"wp-block-list\"><!-- wp:list-item --><\/p>\n<li><strong><a title=\"\" href=\"https:\/\/lepuncheur.com\/2024\/03\/07\/los-bandazos-de-la-tirreno-adriatico\/\" target=\"_blank\" rel=\"noopener\">Los bandazos de la Tirreno-Adri\u00e1tico: reflexiones sobre el ciclismo de hoy (LePuncheur)<\/a><\/strong><\/li>\n<\/ul>\n<\/li>\n<\/ul>\n<p><!-- \/wp:list-item --><\/p>\n<p><!-- \/wp:list --><\/p>\n<p><!-- wp:paragraph --><\/p>\n<p>El cambio de naturaleza de Tirreno-Adri\u00e1tico para atraer a corredores de\u00a0grandes vueltas\u00a0en detrimento del habitual formato\u00a0<em>proclasic\u00f3manos<\/em>\u00a0es, por desgracia, un\u00a0<em>sospechoso habitual<\/em>\u00a0en el ciclismo actual.<\/p>\n<p><!-- \/wp:paragraph --><\/p>\n<p><!-- wp:list --><\/p>\n<ul class=\"wp-block-list\">\n<li style=\"list-style-type: none;\">\n<ul class=\"wp-block-list\"><!-- wp:list-item --><\/p>\n<li><strong>An\u00e1lisis del Tour de Francia 2023 en \u2018Hablamos de Ciclismo\u2019<\/strong><\/li>\n<\/ul>\n<\/li>\n<\/ul>\n<p><!-- \/wp:list-item --><\/p>\n<p><!-- \/wp:list --><\/p>\n<p>Junto a Marcelo La Gattina y Adolfo Carrizo, con <a title=\"\" href=\"https:\/\/x.com\/LauralozanoR\" target=\"_blank\" rel=\"noopener\">Laura Lozano<\/a> como invitada, analizamos todo lo sucedido en el Tour de Francia 2023 y el duelo vivido entre Tadej Pogacar y Jonas Vingegaard.<\/p>\n<p><!-- \/wp:paragraph --><\/p>\n<p><iframe title=\"YouTube video player\" src=\"https:\/\/www.youtube.com\/embed\/E1sqrgar7ls?si=M1OZ4VLSpScci7TJ\" width=\"560\" height=\"315\" frameborder=\"0\" allowfullscreen=\"allowfullscreen\"><\/iframe><\/p>\n<p><!-- wp:list --><\/p>\n<ul class=\"wp-block-list\">\n<li style=\"list-style-type: none;\">\n<ul class=\"wp-block-list\"><!-- wp:list-item --><\/p>\n<li><strong>&#8216;Hablamos de Ciclismo&#8217; con Ainara Hernando<\/strong><\/li>\n<\/ul>\n<\/li>\n<\/ul>\n<p><!-- \/wp:list-item --><\/p>\n<p><!-- \/wp:list --><\/p>\n<p><!-- wp:paragraph --><\/p>\n<p>Invitaci\u00f3n del programa &#8216;Hablemos de Ciclismo&#8217;, con Adolfo Carrizo, para analizar la actualidad ciclista junto a <a title=\"\" href=\"https:\/\/x.com\/AinaraHernando\" target=\"_blank\" rel=\"noopener\">Ainara Hernando<\/a> y Sergio Yustos.<\/p>\n<p><!-- \/wp:paragraph --><\/p>\n<p><iframe title=\"YouTube video player\" src=\"https:\/\/www.youtube.com\/embed\/-ypXUdZ64MQ?si=mIogvSbk5fRYMoAn\" width=\"560\" height=\"315\" frameborder=\"0\" allowfullscreen=\"allowfullscreen\"><\/iframe><\/p>","protected":false},"excerpt":{"rendered":"<p>Programa n\u00famero doce de\u00a0MoviDeep, el programa que cada lunes acerca la actualidad del Team Movistar, esta vez tratando la Volta Catalunya y la situaci\u00f3n del equipo tras las actuaciones de Cian Uijtdebroeks y Enric Mas. Previa de Flandes y debate comparativo entre plantilla de Movistar y el resto del World Tour. Colaboraci\u00f3n con EsRadio para [&hellip;]<\/p>\n","protected":false},"author":2,"featured_media":0,"parent":0,"menu_order":0,"comment_status":"closed","ping_status":"closed","template":"","meta":{"_monsterinsights_skip_tracking":false,"_monsterinsights_sitenote_active":false,"_monsterinsights_sitenote_note":"","_monsterinsights_sitenote_category":0,"footnotes":""},"class_list":["post-1970","page","type-page","status-publish","hentry"],"aioseo_notices":[],"_links":{"self":[{"href":"https:\/\/www.jmatesanz.com\/index.php\/wp-json\/wp\/v2\/pages\/1970","targetHints":{"allow":["GET"]}}],"collection":[{"href":"https:\/\/www.jmatesanz.com\/index.php\/wp-json\/wp\/v2\/pages"}],"about":[{"href":"https:\/\/www.jmatesanz.com\/index.php\/wp-json\/wp\/v2\/types\/page"}],"author":[{"embeddable":true,"href":"https:\/\/www.jmatesanz.com\/index.php\/wp-json\/wp\/v2\/users\/2"}],"replies":[{"embeddable":true,"href":"https:\/\/www.jmatesanz.com\/index.php\/wp-json\/wp\/v2\/comments?post=1970"}],"version-history":[{"count":5,"href":"https:\/\/www.jmatesanz.com\/index.php\/wp-json\/wp\/v2\/pages\/1970\/revisions"}],"predecessor-version":[{"id":2000,"href":"https:\/\/www.jmatesanz.com\/index.php\/wp-json\/wp\/v2\/pages\/1970\/revisions\/2000"}],"wp:attachment":[{"href":"https:\/\/www.jmatesanz.com\/index.php\/wp-json\/wp\/v2\/media?parent=1970"}],"curies":[{"name":"wp","href":"https:\/\/api.w.org\/{rel}","templated":true}]}}